{"id":32262,"date":"2020-06-01T11:12:01","date_gmt":"2020-06-01T11:12:01","guid":{"rendered":"https:\/\/universeart.eu\/?post_type=product&#038;p=32262"},"modified":"2025-04-20T11:11:06","modified_gmt":"2025-04-20T11:11:06","slug":"amulet-s-kristalom-tigrovo-oko-6","status":"publish","type":"product","link":"https:\/\/universeart.eu\/en\/izdelek\/amulet-s-kristalom-tigrovo-oko-6\/","title":{"rendered":"Amulet s kristalom tigrovo oko 6"},"content":{"rendered":"","protected":false},"excerpt":{"rendered":"<p>Amuleti s kristalom tigrovega o\u010desa podpirajo delovanje tretje \u010dakre ali solarnega pleksusa. Delujejo na na\u0161o vzdr\u017eljivost, ohranjajo zdravo ob\u010dutenje jaza, spro\u017eajo hrepenenja, pove\u010dujejo na\u0161o notranjo mo\u010d, dobro delujejo na na\u0161 prebavni sistem, na \u017eelodec, vranico.<\/p>\n","protected":false},"featured_media":32263,"comment_status":"open","ping_status":"closed","template":"","meta":[],"product_cat":[376,37],"product_tag":[268,266,267,265],"_links":{"self":[{"href":"https:\/\/universeart.eu\/en\/wp-json\/wp\/v2\/product\/32262"}],"collection":[{"href":"https:\/\/universeart.eu\/en\/wp-json\/wp\/v2\/product"}],"about":[{"href":"https:\/\/universeart.eu\/en\/wp-json\/wp\/v2\/types\/product"}],"replies":[{"embeddable":true,"href":"https:\/\/universeart.eu\/en\/wp-json\/wp\/v2\/comments?post=32262"}],"wp:featuredmedia":[{"embeddable":true,"href":"https:\/\/universeart.eu\/en\/wp-json\/wp\/v2\/media\/32263"}],"wp:attachment":[{"href":"https:\/\/universeart.eu\/en\/wp-json\/wp\/v2\/media?parent=32262"}],"wp:term":[{"taxonomy":"product_cat","embeddable":true,"href":"https:\/\/universeart.eu\/en\/wp-json\/wp\/v2\/product_cat?post=32262"},{"taxonomy":"product_tag","embeddable":true,"href":"https:\/\/universeart.eu\/en\/wp-json\/wp\/v2\/product_tag?post=32262"}],"curies":[{"name":"wp","href":"https:\/\/api.w.org\/{rel}","templated":true}]}}