{"id":32343,"date":"2020-06-16T08:15:16","date_gmt":"2020-06-16T08:15:16","guid":{"rendered":"https:\/\/universeart.eu\/?post_type=product&#038;p=32343"},"modified":"2020-06-16T08:16:10","modified_gmt":"2020-06-16T08:16:10","slug":"amulet-s-kristalom-rozevca-9","status":"publish","type":"product","link":"https:\/\/universeart.eu\/en\/izdelek\/amulet-s-kristalom-rozevca-9\/","title":{"rendered":"Amulet s kristalom ro\u017eevca 9"},"content":{"rendered":"","protected":false},"excerpt":{"rendered":"<p>Amuleti s kristalom ro\u017eevca ter aventurina podpirajo delovanje \u010detrte sr\u010dne \u010dakre. Dobro delujejo na na\u0161e sr\u010dno podro\u010dje, spro\u017eajo pretok ljubezni, topline, pozitivnih \u010dustev, blagodejno delujejo na na\u0161e srce in obto\u010dni sistem, na \u017eile, pomagajo pri zdravih odnosih in vna\u0161ajo blagodejno energijo. Veljajo za kamen sre\u010de, veselja, zadovoljstva.<\/p>\n","protected":false},"featured_media":32344,"comment_status":"open","ping_status":"closed","template":"","meta":[],"product_cat":[377,37],"product_tag":[325,323,322,324],"_links":{"self":[{"href":"https:\/\/universeart.eu\/en\/wp-json\/wp\/v2\/product\/32343"}],"collection":[{"href":"https:\/\/universeart.eu\/en\/wp-json\/wp\/v2\/product"}],"about":[{"href":"https:\/\/universeart.eu\/en\/wp-json\/wp\/v2\/types\/product"}],"replies":[{"embeddable":true,"href":"https:\/\/universeart.eu\/en\/wp-json\/wp\/v2\/comments?post=32343"}],"wp:featuredmedia":[{"embeddable":true,"href":"https:\/\/universeart.eu\/en\/wp-json\/wp\/v2\/media\/32344"}],"wp:attachment":[{"href":"https:\/\/universeart.eu\/en\/wp-json\/wp\/v2\/media?parent=32343"}],"wp:term":[{"taxonomy":"product_cat","embeddable":true,"href":"https:\/\/universeart.eu\/en\/wp-json\/wp\/v2\/product_cat?post=32343"},{"taxonomy":"product_tag","embeddable":true,"href":"https:\/\/universeart.eu\/en\/wp-json\/wp\/v2\/product_tag?post=32343"}],"curies":[{"name":"wp","href":"https:\/\/api.w.org\/{rel}","templated":true}]}}