{"id":34698,"date":"2020-12-19T18:16:35","date_gmt":"2020-12-19T18:16:35","guid":{"rendered":"https:\/\/universeart.eu\/?post_type=product&#038;p=34698"},"modified":"2020-12-20T18:04:10","modified_gmt":"2020-12-20T18:04:10","slug":"amulet-s-kristalom-kamena-strela-8","status":"publish","type":"product","link":"https:\/\/universeart.eu\/en\/izdelek\/amulet-s-kristalom-kamena-strela-8\/","title":{"rendered":"Amulet s kristalom kamena strela 10"},"content":{"rendered":"","protected":false},"excerpt":{"rendered":"<p>Amuleti s kristalom kamene strele podpirajo delovanje vseh \u010daker. Dobro delujejo na celotno na\u0161e energetsko-magnetno polje. Uravnote\u017eajo vse energetske centre v nas. Spodbujajo koncentracijo ter spomin. Raztapljajo energetske blokade in uravnavajo na\u0161 \u017eiv\u010dni sistem.<\/p>\n","protected":false},"featured_media":34674,"comment_status":"open","ping_status":"closed","template":"","meta":[],"product_cat":[37],"product_tag":[357,356,358,354,355],"_links":{"self":[{"href":"https:\/\/universeart.eu\/en\/wp-json\/wp\/v2\/product\/34698"}],"collection":[{"href":"https:\/\/universeart.eu\/en\/wp-json\/wp\/v2\/product"}],"about":[{"href":"https:\/\/universeart.eu\/en\/wp-json\/wp\/v2\/types\/product"}],"replies":[{"embeddable":true,"href":"https:\/\/universeart.eu\/en\/wp-json\/wp\/v2\/comments?post=34698"}],"wp:featuredmedia":[{"embeddable":true,"href":"https:\/\/universeart.eu\/en\/wp-json\/wp\/v2\/media\/34674"}],"wp:attachment":[{"href":"https:\/\/universeart.eu\/en\/wp-json\/wp\/v2\/media?parent=34698"}],"wp:term":[{"taxonomy":"product_cat","embeddable":true,"href":"https:\/\/universeart.eu\/en\/wp-json\/wp\/v2\/product_cat?post=34698"},{"taxonomy":"product_tag","embeddable":true,"href":"https:\/\/universeart.eu\/en\/wp-json\/wp\/v2\/product_tag?post=34698"}],"curies":[{"name":"wp","href":"https:\/\/api.w.org\/{rel}","templated":true}]}}