{"id":34979,"date":"2020-12-20T18:11:37","date_gmt":"2020-12-20T18:11:37","guid":{"rendered":"https:\/\/universeart.eu\/?post_type=product&#038;p=34979"},"modified":"2020-12-20T19:26:42","modified_gmt":"2020-12-20T19:26:42","slug":"amulet-s-kristalom-rozevca-11","status":"publish","type":"product","link":"https:\/\/universeart.eu\/en\/izdelek\/amulet-s-kristalom-rozevca-11\/","title":{"rendered":"Amulet s kristalom ro\u017eevca 8"},"content":{"rendered":"","protected":false},"excerpt":{"rendered":"<p style=\"text-align: center;\"><strong>Amuleti s kristalom ro\u017eevca podpira delovanje \u010detrte sr\u010dne \u010dakre. Ro\u017eevec velja za kamen sre\u010de, veselja, zadovoljstva.<\/strong><\/p>\n","protected":false},"featured_media":34925,"comment_status":"open","ping_status":"closed","template":"","meta":[],"product_cat":[377,37],"product_tag":[325,323,322,324],"_links":{"self":[{"href":"https:\/\/universeart.eu\/en\/wp-json\/wp\/v2\/product\/34979"}],"collection":[{"href":"https:\/\/universeart.eu\/en\/wp-json\/wp\/v2\/product"}],"about":[{"href":"https:\/\/universeart.eu\/en\/wp-json\/wp\/v2\/types\/product"}],"replies":[{"embeddable":true,"href":"https:\/\/universeart.eu\/en\/wp-json\/wp\/v2\/comments?post=34979"}],"wp:featuredmedia":[{"embeddable":true,"href":"https:\/\/universeart.eu\/en\/wp-json\/wp\/v2\/media\/34925"}],"wp:attachment":[{"href":"https:\/\/universeart.eu\/en\/wp-json\/wp\/v2\/media?parent=34979"}],"wp:term":[{"taxonomy":"product_cat","embeddable":true,"href":"https:\/\/universeart.eu\/en\/wp-json\/wp\/v2\/product_cat?post=34979"},{"taxonomy":"product_tag","embeddable":true,"href":"https:\/\/universeart.eu\/en\/wp-json\/wp\/v2\/product_tag?post=34979"}],"curies":[{"name":"wp","href":"https:\/\/api.w.org\/{rel}","templated":true}]}}