{"id":32861,"date":"2020-07-07T06:54:41","date_gmt":"2020-07-07T06:54:41","guid":{"rendered":"https:\/\/universeart.eu\/riguardo-a-me\/"},"modified":"2025-04-14T14:26:47","modified_gmt":"2025-04-14T14:26:47","slug":"riguardo-a-me","status":"publish","type":"page","link":"https:\/\/universeart.eu\/it\/riguardo-a-me\/","title":{"rendered":"Alexander"},"content":{"rendered":"<div class=\"wpb-content-wrapper\"><p>[vc_row full_width=&#8221;stretch_row&#8221; css=&#8221;.vc_custom_1592830827474{margin-bottom: 0px !important;}&#8221;][vc_column width=&#8221;1\/2&#8243; css=&#8221;.vc_custom_1586376785321{padding-top: 0px !important;}&#8221;][\/vc_column][vc_column width=&#8221;1\/2&#8243; css=&#8221;.vc_custom_1586376788897{padding-top: 0px !important;}&#8221;][\/vc_column][\/vc_row][vc_row full_width=&#8221;stretch_row_content&#8221; equal_height=&#8221;yes&#8221; css=&#8221;.vc_custom_1590569723277{margin-bottom: 0px !important;}&#8221; custom_css_code=&#8221;JTQwbWVkaWElMjAlMjhtYXgtd2lkdGglM0ElMjAxMTk5cHglMjklN0IlMEElMjAlMjAlMjAlMjAlMjAlNDBpZC53cGJfcm93JTNFJTJBJTIwJTdCJTBBJTIwJTIwJTIwJTIwJTIwJTIwJTIwJTIwJTIwJTIwbWFyZ2luLXRvcCUzQSUyMDAlM0IlMEElMjAlMjAlMjAlMjAlMjAlN0QlMEElN0Q=&#8221;][vc_column width=&#8221;1\/2&#8243; css=&#8221;.vc_custom_1592831285300{background-position: center !important;background-repeat: no-repeat !important;background-size: contain !important;}&#8221;][vc_column_text css=&#8221;.vc_custom_1744205360685{padding-bottom: 40px !important;}&#8221; css_animation=&#8221;bottom-to-top&#8221;]<\/p>\n<div class=\"title-h2\">ALEXANDER<\/div>\n<p>[\/vc_column_text]<div class=\"clearboth\"><\/div><style>#thegem-divider-69eb37657a15a {margin-top: 20px !important;}<\/style><div id=\"thegem-divider-69eb37657a15a\" class=\"gem-divider  \" style=\"\" ><\/div>[vc_column_text css_animation=&#8221;bottom-to-top&#8221;]\u00c8 sempre stato attratto da tutto ci\u00f2 che ha una sua nota, tutto ci\u00f2 che \u00e8 colorato, preciso, estetico, artistico.<br \/>\nFin da piccolo, gli piaceva passare il tempo sulla carta, con una matita e dei pastelli.<br \/>\nSuccessivamente ha avuto modo di conoscere e continua a conoscere tuttora la musica, l&#8217;arte e il mondo culturale.[\/vc_column_text]<div class=\"clearboth\"><\/div><style>#thegem-divider-69eb37657a589 {margin-top: 50px !important;}<\/style><div id=\"thegem-divider-69eb37657a589\" class=\"gem-divider  divider-hidden\" style=\"\" ><\/div><div class=\"clearboth\"><\/div><style>#thegem-divider-69eb37657a5c1 {margin-top: 20px !important;}<\/style><div id=\"thegem-divider-69eb37657a5c1\" class=\"gem-divider  \" style=\"\" ><\/div>[vc_single_image image=&#8221;36818&#8243; img_size=&#8221;large&#8221; alignment=&#8221;center&#8221; style=&#8221;vc_box_shadow_3d&#8221; css_animation=&#8221;zoomInRight&#8221;]<div class=\"clearboth\"><\/div><style>#thegem-divider-69eb37657a5de {margin-top: 35px !important;}<\/style><div id=\"thegem-divider-69eb37657a5de\" class=\"gem-divider  \" style=\"\" ><\/div><style type=\"text\/css\">.thegem-button-69eb37657a704400.lazy-loading-before-start-animation .lazy-loading-item {opacity: 0;} body.thegem-effects-disabled .thegem-button-69eb37657a704400.lazy-loading-before-start-animation .lazy-loading-item {opacity: 1;}<\/style><style type=\"text\/css\">.thegem-button-69eb37657a704400 .gem-button svg {fill: #ffd54f;}.thegem-button-69eb37657a704400 .gem-button:hover svg {fill: #323236;}<\/style><div class=\"gem-button-container gem-button-position-inline thegem-button-69eb37657a704400     lazy-loading lazy-loading-before-start-animation\"  ><a class=\"gem-button gem-button-size-medium gem-button-style-outline gem-button-text-weight-normal gem-button-border-3 lazy-loading-item\" data-ll-effect=\"drop-right-without-wrap\" style=\"border-radius: 6px;border-color: #ffd54f;color: #ffd54f;\" onmouseleave=\"this.style.borderColor='#ffd54f';this.style.backgroundColor='transparent';this.style.color='#ffd54f';\" onmouseenter=\"this.style.backgroundColor='#ffd54f';this.style.color='#323236';\" href=\"\" target=\"_self\">prodotti<\/a><\/div> [\/vc_column][vc_column width=&#8221;1\/2&#8243; disable_custom_paddings_tablet=&#8221;true&#8221; disable_custom_paddings_mobile=&#8221;true&#8221; css=&#8221;.vc_custom_1581598557860{padding-top: 75px !important;padding-left: 120px !important;background-color: #2c2e3d !important;}&#8221;][vc_column_text css_animation=&#8221;bottom-to-top&#8221;]<\/p>\n<div><span style=\"color: #ffffff;\">Crescendo ha iniziato a attingere al significato dell&#8217;esistenza. Nell&#8217;esistenza psicologica e mistica umana.<br \/>\nIl percorso lo ha condotto attraverso la sua stessa sofferenza, ricerca, desiderio di varie direzioni spirituali ed esoteriche, attraverso le sue trasformazioni, le esperienze che hanno contribuito al suo sviluppo, a ulteriori visioni e a diverse creativit\u00e0.<br \/>\n<\/span><\/div>\n<div><\/div>\n<p>&nbsp;<\/p>\n<div><span style=\"color: #ffffff;\"><span style=\"color: #ffffff;\">Sta ancora esplorando e approfondendo la sconfinatezza della creazione. Con la sua impronta d&#8217;arte, vuole aggiungere punti di vista completamente nuovi sull&#8217;arte, vuole scuotere, drammatizzare un modo diverso di pensare e sperimentare colore, forma, immagine, composizione, messaggio, esperienza energetica e l&#8217;esperienza della pittura stessa o della creazione.<br \/>\nCollega anche il suono attraverso l&#8217;immagine e rappresenta l&#8217;esperienza di uno spazio, la forma attraverso il suono, poich\u00e9 suono e immagine si intrecciano. Combina diversi metodi di pittura.<\/span><\/span><\/div>\n<div><\/div>\n<p>&nbsp;<\/p>\n<div><span style=\"color: #ffffff;\">Possiamo notare in particolare lo stile moderno intrecciato con un tocco di misticismo, geometria sacra, nonch\u00e9 l&#8217;influenza del classicismo e dell&#8217;astrazione. Nel creare, si concede impulsi diversi, a seconda di ci\u00f2 che sta accadendo in lui e nell&#8217;ambiente stesso, nel mondo. \u00c8 anche ispirato da vari altri artisti di ogni genere. <\/span><\/div>\n<p>&nbsp;<\/p>\n<div><span style=\"color: #ffffff;\">Le sue opere potrebbero essere classificate come arte visionaria dell&#8217;energia.<\/span><br \/>\n<span style=\"color: #ffffff;\">Vento libero\u00a0<\/span><\/div>\n<p>[\/vc_column_text]<div class=\"clearboth\"><\/div><style>#thegem-divider-69eb37657a762 {margin-top: 95px !important;}<\/style><div id=\"thegem-divider-69eb37657a762\" class=\"gem-divider  \" style=\"\" ><\/div>[\/vc_column][\/vc_row]<\/p>\n<\/div>","protected":false},"excerpt":{"rendered":"<p>[vc_row full_width=&#8221;stretch_row&#8221; css=&#8221;.vc_custom_1592830827474{margin-bottom: 0px !important;}&#8221;][vc_column width=&#8221;1\/2&#8243; css=&#8221;.vc_custom_1586376785321{padding-top: 0px !important;}&#8221;][\/vc_column][vc_column width=&#8221;1\/2&#8243; css=&#8221;.vc_custom_1586376788897{padding-top: 0px !important;}&#8221;][\/vc_column][\/vc_row][vc_row full_width=&#8221;stretch_row_content&#8221; equal_height=&#8221;yes&#8221; css=&#8221;.vc_custom_1590569723277{margin-bottom: 0px !important;}&#8221; custom_css_code=&#8221;JTQwbWVkaWElMjAlMjhtYXgtd2lkdGglM0ElMjAxMTk5cHglMjklN0IlMEElMjAlMjAlMjAlMjAlMjAlNDBpZC53cGJfcm93JTNFJTJBJTIwJTdCJTBBJTIwJTIwJTIwJTIwJTIwJTIwJTIwJTIwJTIwJTIwbWFyZ2luLXRvcCUzQSUyMDAlM0IlMEElMjAlMjAlMjAlMjAlMjAlN0QlMEElN0Q=&#8221;][vc_column width=&#8221;1\/2&#8243;&#8230;<\/p>\n","protected":false},"author":1,"featured_media":0,"parent":0,"menu_order":0,"comment_status":"closed","ping_status":"closed","template":"","meta":{"footnotes":""},"_links":{"self":[{"href":"https:\/\/universeart.eu\/it\/wp-json\/wp\/v2\/pages\/32861"}],"collection":[{"href":"https:\/\/universeart.eu\/it\/wp-json\/wp\/v2\/pages"}],"about":[{"href":"https:\/\/universeart.eu\/it\/wp-json\/wp\/v2\/types\/page"}],"author":[{"embeddable":true,"href":"https:\/\/universeart.eu\/it\/wp-json\/wp\/v2\/users\/1"}],"replies":[{"embeddable":true,"href":"https:\/\/universeart.eu\/it\/wp-json\/wp\/v2\/comments?post=32861"}],"version-history":[{"count":0,"href":"https:\/\/universeart.eu\/it\/wp-json\/wp\/v2\/pages\/32861\/revisions"}],"wp:attachment":[{"href":"https:\/\/universeart.eu\/it\/wp-json\/wp\/v2\/media?parent=32861"}],"curies":[{"name":"wp","href":"https:\/\/api.w.org\/{rel}","templated":true}]}}