{"id":21003,"date":"2020-05-27T10:03:04","date_gmt":"2020-05-27T10:03:04","guid":{"rendered":"https:\/\/universeart.eu\/?post_type=product&#038;p=21003"},"modified":"2022-10-05T12:47:19","modified_gmt":"2022-10-05T12:47:19","slug":"amulet-s-kristalom-rdecega-jaspisa-12","status":"publish","type":"product","link":"https:\/\/universeart.eu\/it\/izdelek\/amulet-s-kristalom-rdecega-jaspisa-12\/","title":{"rendered":"Amulet s kristalom rde\u010dega jaspisa 5"},"content":{"rendered":"","protected":false},"excerpt":{"rendered":"<p>Amuleti s kristali rde\u010dega jaspisa podpirajo prvo (korensko, spolno) \u010dakro. Dobro delujejo na na\u0161o \u017eivljenjsko silo, voljo po samoohranitvi, pomagajo pri odpornosti, vitalnosti, ozemljenosti, imajo dober vpliv na hrbtenico, kosti, kri.<\/p>\n","protected":false},"featured_media":36537,"comment_status":"open","ping_status":"closed","template":"","meta":[],"product_cat":[390,37],"product_tag":[116,118,117],"_links":{"self":[{"href":"https:\/\/universeart.eu\/it\/wp-json\/wp\/v2\/product\/21003"}],"collection":[{"href":"https:\/\/universeart.eu\/it\/wp-json\/wp\/v2\/product"}],"about":[{"href":"https:\/\/universeart.eu\/it\/wp-json\/wp\/v2\/types\/product"}],"replies":[{"embeddable":true,"href":"https:\/\/universeart.eu\/it\/wp-json\/wp\/v2\/comments?post=21003"}],"wp:featuredmedia":[{"embeddable":true,"href":"https:\/\/universeart.eu\/it\/wp-json\/wp\/v2\/media\/36537"}],"wp:attachment":[{"href":"https:\/\/universeart.eu\/it\/wp-json\/wp\/v2\/media?parent=21003"}],"wp:term":[{"taxonomy":"product_cat","embeddable":true,"href":"https:\/\/universeart.eu\/it\/wp-json\/wp\/v2\/product_cat?post=21003"},{"taxonomy":"product_tag","embeddable":true,"href":"https:\/\/universeart.eu\/it\/wp-json\/wp\/v2\/product_tag?post=21003"}],"curies":[{"name":"wp","href":"https:\/\/api.w.org\/{rel}","templated":true}]}}