{"id":32209,"date":"2020-06-01T06:42:33","date_gmt":"2020-06-01T06:42:33","guid":{"rendered":"https:\/\/universeart.eu\/?post_type=product&#038;p=32209"},"modified":"2022-12-20T11:32:02","modified_gmt":"2022-12-20T11:32:02","slug":"oko-videnja-2","status":"publish","type":"product","link":"https:\/\/universeart.eu\/it\/izdelek\/oko-videnja-2\/","title":{"rendered":"Oko videnja"},"content":{"rendered":"","protected":false},"excerpt":{"rendered":"<p style=\"text-align: center;\"><strong>Slika je bila narejena v letu 2017.<\/strong><\/p>\n<p style=\"text-align: center;\"><strong>Ustvarjena je v tehniki akril, pesek, kristali na platno z okvirjem.<\/strong><\/p>\n<p style=\"text-align: center;\"><strong>Predstavlja \u0161irjenje zavesti, \u0161ir\u0161e zavedanje.<\/strong><\/p>\n<p style=\"text-align: center;\"><strong>Predstavlja energijo tretjega o\u010desa.<\/strong><\/p>\n<p style=\"text-align: center;\"><strong>Prina\u0161a energijo etra duha.<\/strong><\/p>\n","protected":false},"featured_media":34266,"comment_status":"open","ping_status":"closed","template":"","meta":[],"product_cat":[114],"product_tag":[],"_links":{"self":[{"href":"https:\/\/universeart.eu\/it\/wp-json\/wp\/v2\/product\/32209"}],"collection":[{"href":"https:\/\/universeart.eu\/it\/wp-json\/wp\/v2\/product"}],"about":[{"href":"https:\/\/universeart.eu\/it\/wp-json\/wp\/v2\/types\/product"}],"replies":[{"embeddable":true,"href":"https:\/\/universeart.eu\/it\/wp-json\/wp\/v2\/comments?post=32209"}],"wp:featuredmedia":[{"embeddable":true,"href":"https:\/\/universeart.eu\/it\/wp-json\/wp\/v2\/media\/34266"}],"wp:attachment":[{"href":"https:\/\/universeart.eu\/it\/wp-json\/wp\/v2\/media?parent=32209"}],"wp:term":[{"taxonomy":"product_cat","embeddable":true,"href":"https:\/\/universeart.eu\/it\/wp-json\/wp\/v2\/product_cat?post=32209"},{"taxonomy":"product_tag","embeddable":true,"href":"https:\/\/universeart.eu\/it\/wp-json\/wp\/v2\/product_tag?post=32209"}],"curies":[{"name":"wp","href":"https:\/\/api.w.org\/{rel}","templated":true}]}}