{"id":32288,"date":"2020-06-01T15:02:47","date_gmt":"2020-06-01T15:02:47","guid":{"rendered":"https:\/\/universeart.eu\/?post_type=product&#038;p=32288"},"modified":"2022-01-19T13:03:18","modified_gmt":"2022-01-19T13:03:18","slug":"dezela-bude-2","status":"publish","type":"product","link":"https:\/\/universeart.eu\/it\/izdelek\/dezela-bude-2\/","title":{"rendered":"De\u017eela bude"},"content":{"rendered":"<p><iframe title=\"Universe art (Alexander) - Buddhas land\" width=\"1170\" height=\"658\" src=\"https:\/\/www.youtube.com\/embed\/rm52rKfP28I?feature=oembed\" frameborder=\"0\" allow=\"accelerometer; autoplay; clipboard-write; encrypted-media; gyroscope; picture-in-picture\" allowfullscreen><\/iframe><\/p>\n<p>&nbsp;<\/p>\n","protected":false},"excerpt":{"rendered":"<p style=\"text-align: center;\"><strong>Slika je bila zaklju\u010dena v letu 2019.<\/strong><\/p>\n<p style=\"text-align: center;\"><strong>Narejena je v tehniki akril na platno z okvirjem.<\/strong><\/p>\n<p style=\"text-align: center;\"><strong>Dodani so prav tako kristali swarovski.<\/strong><\/p>\n<p style=\"text-align: center;\"><strong>Predstavlja prebuditev, zdru\u017eitev zavesti in nezavesti, zdru\u017eitev \u010dlove\u0161kega in vi\u0161je narave.<\/strong><\/p>\n<p style=\"text-align: center;\"><strong>Prina\u0161a energijo miru, harmonije, zavedanja,<\/strong><\/p>\n","protected":false},"featured_media":32777,"comment_status":"open","ping_status":"closed","template":"","meta":[],"product_cat":[114],"product_tag":[],"_links":{"self":[{"href":"https:\/\/universeart.eu\/it\/wp-json\/wp\/v2\/product\/32288"}],"collection":[{"href":"https:\/\/universeart.eu\/it\/wp-json\/wp\/v2\/product"}],"about":[{"href":"https:\/\/universeart.eu\/it\/wp-json\/wp\/v2\/types\/product"}],"replies":[{"embeddable":true,"href":"https:\/\/universeart.eu\/it\/wp-json\/wp\/v2\/comments?post=32288"}],"wp:featuredmedia":[{"embeddable":true,"href":"https:\/\/universeart.eu\/it\/wp-json\/wp\/v2\/media\/32777"}],"wp:attachment":[{"href":"https:\/\/universeart.eu\/it\/wp-json\/wp\/v2\/media?parent=32288"}],"wp:term":[{"taxonomy":"product_cat","embeddable":true,"href":"https:\/\/universeart.eu\/it\/wp-json\/wp\/v2\/product_cat?post=32288"},{"taxonomy":"product_tag","embeddable":true,"href":"https:\/\/universeart.eu\/it\/wp-json\/wp\/v2\/product_tag?post=32288"}],"curies":[{"name":"wp","href":"https:\/\/api.w.org\/{rel}","templated":true}]}}