{"id":32391,"date":"2020-06-16T09:26:22","date_gmt":"2020-06-16T09:26:22","guid":{"rendered":"https:\/\/universeart.eu\/?post_type=product&#038;p=32391"},"modified":"2022-10-05T12:14:38","modified_gmt":"2022-10-05T12:14:38","slug":"amulet-s-kristalom-kamena-strela-3","status":"publish","type":"product","link":"https:\/\/universeart.eu\/it\/izdelek\/amulet-s-kristalom-kamena-strela-3\/","title":{"rendered":"Amulet s kristalom kamena strela 3"},"content":{"rendered":"","protected":false},"excerpt":{"rendered":"<p>Amuleti s kristalom kamene strele podpirajo delovanje vseh \u010daker. Dobro delujejo na celotno na\u0161e energetsko-magnetno polje. Uravnote\u017eajo vse energetske centre v nas. Spodbujajo koncentracijo ter spomin. Raztapljajo energetske blokade in uravnavajo na\u0161 \u017eiv\u010dni sistem.<\/p>\n","protected":false},"featured_media":32392,"comment_status":"open","ping_status":"closed","template":"","meta":[],"product_cat":[37],"product_tag":[357,356,358,354,355],"_links":{"self":[{"href":"https:\/\/universeart.eu\/it\/wp-json\/wp\/v2\/product\/32391"}],"collection":[{"href":"https:\/\/universeart.eu\/it\/wp-json\/wp\/v2\/product"}],"about":[{"href":"https:\/\/universeart.eu\/it\/wp-json\/wp\/v2\/types\/product"}],"replies":[{"embeddable":true,"href":"https:\/\/universeart.eu\/it\/wp-json\/wp\/v2\/comments?post=32391"}],"wp:featuredmedia":[{"embeddable":true,"href":"https:\/\/universeart.eu\/it\/wp-json\/wp\/v2\/media\/32392"}],"wp:attachment":[{"href":"https:\/\/universeart.eu\/it\/wp-json\/wp\/v2\/media?parent=32391"}],"wp:term":[{"taxonomy":"product_cat","embeddable":true,"href":"https:\/\/universeart.eu\/it\/wp-json\/wp\/v2\/product_cat?post=32391"},{"taxonomy":"product_tag","embeddable":true,"href":"https:\/\/universeart.eu\/it\/wp-json\/wp\/v2\/product_tag?post=32391"}],"curies":[{"name":"wp","href":"https:\/\/api.w.org\/{rel}","templated":true}]}}