{"id":34461,"date":"2020-12-16T16:18:20","date_gmt":"2020-12-16T16:18:20","guid":{"rendered":"https:\/\/universeart.eu\/?post_type=product&#038;p=34461"},"modified":"2025-04-09T10:40:40","modified_gmt":"2025-04-09T10:40:40","slug":"shakti-zenstvena-moc","status":"publish","type":"product","link":"https:\/\/universeart.eu\/it\/izdelek\/shakti-zenstvena-moc\/","title":{"rendered":"SHAKTI \u017dENSTVENA MO\u010c"},"content":{"rendered":"<p><iframe title=\"Universe art (Alexander) - Shakti power, Feminine power (painting)\" width=\"1170\" height=\"658\" src=\"https:\/\/www.youtube.com\/embed\/qT-VCsv2BHo?feature=oembed\" frameborder=\"0\" allow=\"accelerometer; autoplay; clipboard-write; encrypted-media; gyroscope; picture-in-picture; web-share\" referrerpolicy=\"strict-origin-when-cross-origin\" allowfullscreen><\/iframe><\/p>\n<p>&nbsp;<\/p>\n","protected":false},"excerpt":{"rendered":"<p style=\"text-align: center;\"><strong>Slika prina\u0161a energijo senzualnosti, \u010dutnosti, \u017eenstvenosti, so\u010dutja, ljubezni.<\/strong><\/p>\n<p style=\"text-align: center;\"><strong>Odpira energijo Shakti &#8211; energijo kreacije.<\/strong><\/p>\n","protected":false},"featured_media":34353,"comment_status":"open","ping_status":"closed","template":"","meta":[],"product_cat":[114],"product_tag":[],"_links":{"self":[{"href":"https:\/\/universeart.eu\/it\/wp-json\/wp\/v2\/product\/34461"}],"collection":[{"href":"https:\/\/universeart.eu\/it\/wp-json\/wp\/v2\/product"}],"about":[{"href":"https:\/\/universeart.eu\/it\/wp-json\/wp\/v2\/types\/product"}],"replies":[{"embeddable":true,"href":"https:\/\/universeart.eu\/it\/wp-json\/wp\/v2\/comments?post=34461"}],"wp:featuredmedia":[{"embeddable":true,"href":"https:\/\/universeart.eu\/it\/wp-json\/wp\/v2\/media\/34353"}],"wp:attachment":[{"href":"https:\/\/universeart.eu\/it\/wp-json\/wp\/v2\/media?parent=34461"}],"wp:term":[{"taxonomy":"product_cat","embeddable":true,"href":"https:\/\/universeart.eu\/it\/wp-json\/wp\/v2\/product_cat?post=34461"},{"taxonomy":"product_tag","embeddable":true,"href":"https:\/\/universeart.eu\/it\/wp-json\/wp\/v2\/product_tag?post=34461"}],"curies":[{"name":"wp","href":"https:\/\/api.w.org\/{rel}","templated":true}]}}