{"id":34464,"date":"2020-12-17T12:16:42","date_gmt":"2020-12-17T12:16:42","guid":{"rendered":"https:\/\/universeart.eu\/?post_type=product&#038;p=34464"},"modified":"2022-01-19T12:57:51","modified_gmt":"2022-01-19T12:57:51","slug":"ples-ekstaze","status":"publish","type":"product","link":"https:\/\/universeart.eu\/it\/izdelek\/ples-ekstaze\/","title":{"rendered":"Ples ekstaze"},"content":{"rendered":"<p><iframe title=\"Universe art (Alexander) - Dance of joy\" width=\"1170\" height=\"658\" src=\"https:\/\/www.youtube.com\/embed\/V_Q94Hq-lwU?feature=oembed\" frameborder=\"0\" allow=\"accelerometer; autoplay; clipboard-write; encrypted-media; gyroscope; picture-in-picture\" allowfullscreen><\/iframe><\/p>\n<p>&nbsp;<\/p>\n","protected":false},"excerpt":{"rendered":"<p style=\"text-align: center;\"><strong>Slika predstavlja ples ekstaze, ples s kreacijo, \u010da\u0161\u010denje bo\u017eanskega zunaj in znotraj nas.<\/strong><\/p>\n<p style=\"text-align: center;\"><strong>Predstavlja bo\u017eansko \u010dlove\u0161ko naravo.<\/strong><\/p>\n","protected":false},"featured_media":34180,"comment_status":"open","ping_status":"closed","template":"","meta":[],"product_cat":[114],"product_tag":[],"_links":{"self":[{"href":"https:\/\/universeart.eu\/it\/wp-json\/wp\/v2\/product\/34464"}],"collection":[{"href":"https:\/\/universeart.eu\/it\/wp-json\/wp\/v2\/product"}],"about":[{"href":"https:\/\/universeart.eu\/it\/wp-json\/wp\/v2\/types\/product"}],"replies":[{"embeddable":true,"href":"https:\/\/universeart.eu\/it\/wp-json\/wp\/v2\/comments?post=34464"}],"wp:featuredmedia":[{"embeddable":true,"href":"https:\/\/universeart.eu\/it\/wp-json\/wp\/v2\/media\/34180"}],"wp:attachment":[{"href":"https:\/\/universeart.eu\/it\/wp-json\/wp\/v2\/media?parent=34464"}],"wp:term":[{"taxonomy":"product_cat","embeddable":true,"href":"https:\/\/universeart.eu\/it\/wp-json\/wp\/v2\/product_cat?post=34464"},{"taxonomy":"product_tag","embeddable":true,"href":"https:\/\/universeart.eu\/it\/wp-json\/wp\/v2\/product_tag?post=34464"}],"curies":[{"name":"wp","href":"https:\/\/api.w.org\/{rel}","templated":true}]}}