{"id":34607,"date":"2020-12-19T17:50:09","date_gmt":"2020-12-19T17:50:09","guid":{"rendered":"https:\/\/universeart.eu\/?post_type=product&#038;p=34607"},"modified":"2022-10-05T12:11:19","modified_gmt":"2022-10-05T12:11:19","slug":"amulet-s-kristalom-ametist-4-3","status":"publish","type":"product","link":"https:\/\/universeart.eu\/it\/izdelek\/amulet-s-kristalom-ametist-4-3\/","title":{"rendered":"Amulet s kristalom ametist 5"},"content":{"rendered":"","protected":false},"excerpt":{"rendered":"<p>Amuleti s kristalom ametista podpirajo delovanje \u0161este \u010dakre. Dobro delujejo na na\u0161o povezanost z vesoljem, prebujajo duhovno mo\u010d, spiritualnost, notranje oko ter pomagajo pri razvijanju na\u0161e percepcije. Prav tako dobro delujejo na na\u0161 \u017eiv\u010dni sistem, nas umirjajo, na na\u0161o glavo, umirjajo glavobole, pomagajo pri globlji povezavi s samim seboj. Imajo pozitiven u\u010dinek na hipofizo, \u010de\u0161ariko, \u017eleze, hormonski sistem.<\/p>\n","protected":false},"featured_media":34582,"comment_status":"open","ping_status":"closed","template":"","meta":[],"product_cat":[395,37],"product_tag":[347,349,346,348],"_links":{"self":[{"href":"https:\/\/universeart.eu\/it\/wp-json\/wp\/v2\/product\/34607"}],"collection":[{"href":"https:\/\/universeart.eu\/it\/wp-json\/wp\/v2\/product"}],"about":[{"href":"https:\/\/universeart.eu\/it\/wp-json\/wp\/v2\/types\/product"}],"replies":[{"embeddable":true,"href":"https:\/\/universeart.eu\/it\/wp-json\/wp\/v2\/comments?post=34607"}],"wp:featuredmedia":[{"embeddable":true,"href":"https:\/\/universeart.eu\/it\/wp-json\/wp\/v2\/media\/34582"}],"wp:attachment":[{"href":"https:\/\/universeart.eu\/it\/wp-json\/wp\/v2\/media?parent=34607"}],"wp:term":[{"taxonomy":"product_cat","embeddable":true,"href":"https:\/\/universeart.eu\/it\/wp-json\/wp\/v2\/product_cat?post=34607"},{"taxonomy":"product_tag","embeddable":true,"href":"https:\/\/universeart.eu\/it\/wp-json\/wp\/v2\/product_tag?post=34607"}],"curies":[{"name":"wp","href":"https:\/\/api.w.org\/{rel}","templated":true}]}}