{"id":34746,"date":"2020-12-20T13:02:41","date_gmt":"2020-12-20T13:02:41","guid":{"rendered":"https:\/\/universeart.eu\/?post_type=product&#038;p=34746"},"modified":"2020-12-20T13:02:41","modified_gmt":"2020-12-20T13:02:41","slug":"amulet-s-kristalom-azurit","status":"publish","type":"product","link":"https:\/\/universeart.eu\/it\/izdelek\/amulet-s-kristalom-azurit\/","title":{"rendered":"Amulet s kristalom Azurit"},"content":{"rendered":"","protected":false},"excerpt":{"rendered":"<p style=\"text-align: center;\"><strong>Kristal Azurit deluje na sr\u010dni, grleni in \u010delni center.<\/strong><\/p>\n<p style=\"text-align: center;\"><strong>Nas pomirja in izbolj\u0161uje koncentracijo.<\/strong><\/p>\n<p style=\"text-align: center;\"><strong>Pomaga odpravljati stare miselne blokade.<\/strong><\/p>\n<p style=\"text-align: center;\"><strong>\u010ce smo v nevarnosti, Azurit kristal razpade, po\u010di, tako da deluje tudi kot za\u0161\u010dita.<\/strong><\/p>\n<p>&nbsp;<\/p>\n","protected":false},"featured_media":34635,"comment_status":"open","ping_status":"closed","template":"","meta":[],"product_cat":[393,394,395,37],"product_tag":[],"_links":{"self":[{"href":"https:\/\/universeart.eu\/it\/wp-json\/wp\/v2\/product\/34746"}],"collection":[{"href":"https:\/\/universeart.eu\/it\/wp-json\/wp\/v2\/product"}],"about":[{"href":"https:\/\/universeart.eu\/it\/wp-json\/wp\/v2\/types\/product"}],"replies":[{"embeddable":true,"href":"https:\/\/universeart.eu\/it\/wp-json\/wp\/v2\/comments?post=34746"}],"wp:featuredmedia":[{"embeddable":true,"href":"https:\/\/universeart.eu\/it\/wp-json\/wp\/v2\/media\/34635"}],"wp:attachment":[{"href":"https:\/\/universeart.eu\/it\/wp-json\/wp\/v2\/media?parent=34746"}],"wp:term":[{"taxonomy":"product_cat","embeddable":true,"href":"https:\/\/universeart.eu\/it\/wp-json\/wp\/v2\/product_cat?post=34746"},{"taxonomy":"product_tag","embeddable":true,"href":"https:\/\/universeart.eu\/it\/wp-json\/wp\/v2\/product_tag?post=34746"}],"curies":[{"name":"wp","href":"https:\/\/api.w.org\/{rel}","templated":true}]}}