{"id":34799,"date":"2020-12-20T13:04:25","date_gmt":"2020-12-20T13:04:25","guid":{"rendered":"https:\/\/universeart.eu\/?post_type=product&#038;p=34799"},"modified":"2020-12-20T13:10:48","modified_gmt":"2020-12-20T13:10:48","slug":"amulet-s-kristalom-azurit-1","status":"publish","type":"product","link":"https:\/\/universeart.eu\/it\/izdelek\/amulet-s-kristalom-azurit-1\/","title":{"rendered":"Amulet s kristalom Azurit 2"},"content":{"rendered":"","protected":false},"excerpt":{"rendered":"<p style=\"text-align: center;\"><strong>Kristal Azurit deluje na sr\u010dni, grleni in \u010delni center.<\/strong><\/p>\n<p style=\"text-align: center;\"><strong>Nas pomirja in izbolj\u0161uje koncentracijo.<\/strong><\/p>\n<p style=\"text-align: center;\"><strong>Pomaga odpravljati stare miselne blokade.<\/strong><\/p>\n<p style=\"text-align: center;\"><strong>\u010ce smo v nevarnosti, Azurit kristal razpade, po\u010di, tako da deluje tudi kot za\u0161\u010dita.<\/strong><\/p>\n<p>&nbsp;<\/p>\n","protected":false},"featured_media":34579,"comment_status":"open","ping_status":"closed","template":"","meta":[],"product_cat":[393,394,395,37],"product_tag":[],"_links":{"self":[{"href":"https:\/\/universeart.eu\/it\/wp-json\/wp\/v2\/product\/34799"}],"collection":[{"href":"https:\/\/universeart.eu\/it\/wp-json\/wp\/v2\/product"}],"about":[{"href":"https:\/\/universeart.eu\/it\/wp-json\/wp\/v2\/types\/product"}],"replies":[{"embeddable":true,"href":"https:\/\/universeart.eu\/it\/wp-json\/wp\/v2\/comments?post=34799"}],"wp:featuredmedia":[{"embeddable":true,"href":"https:\/\/universeart.eu\/it\/wp-json\/wp\/v2\/media\/34579"}],"wp:attachment":[{"href":"https:\/\/universeart.eu\/it\/wp-json\/wp\/v2\/media?parent=34799"}],"wp:term":[{"taxonomy":"product_cat","embeddable":true,"href":"https:\/\/universeart.eu\/it\/wp-json\/wp\/v2\/product_cat?post=34799"},{"taxonomy":"product_tag","embeddable":true,"href":"https:\/\/universeart.eu\/it\/wp-json\/wp\/v2\/product_tag?post=34799"}],"curies":[{"name":"wp","href":"https:\/\/api.w.org\/{rel}","templated":true}]}}