{"id":34981,"date":"2020-12-20T18:12:04","date_gmt":"2020-12-20T18:12:04","guid":{"rendered":"https:\/\/universeart.eu\/?post_type=product&#038;p=34981"},"modified":"2020-12-20T18:25:06","modified_gmt":"2020-12-20T18:25:06","slug":"amulet-s-kristalom-kamena-strela-12","status":"publish","type":"product","link":"https:\/\/universeart.eu\/it\/izdelek\/amulet-s-kristalom-kamena-strela-12\/","title":{"rendered":"Amulet s kristalom kamena strela 12"},"content":{"rendered":"","protected":false},"excerpt":{"rendered":"<p style=\"text-align: center;\"><strong>Amuleti s kristalom kamene strele podpirajo delovanje vseh \u010daker. <\/strong><\/p>\n<p style=\"text-align: center;\"><strong>Dobro delujejo na celotno na\u0161e energetsko-magnetno polje. <\/strong><strong>Uravnote\u017eajo vse energetske centre v nas. <\/strong><\/p>\n<p style=\"text-align: center;\"><strong>Spodbujajo koncentracijo ter spomin. <\/strong><strong>Raztapljajo energetske blokade in uravnavajo na\u0161 \u017eiv\u010dni sistem.<\/strong><\/p>\n","protected":false},"featured_media":34832,"comment_status":"open","ping_status":"closed","template":"","meta":[],"product_cat":[37],"product_tag":[357,356,358,354,355],"_links":{"self":[{"href":"https:\/\/universeart.eu\/it\/wp-json\/wp\/v2\/product\/34981"}],"collection":[{"href":"https:\/\/universeart.eu\/it\/wp-json\/wp\/v2\/product"}],"about":[{"href":"https:\/\/universeart.eu\/it\/wp-json\/wp\/v2\/types\/product"}],"replies":[{"embeddable":true,"href":"https:\/\/universeart.eu\/it\/wp-json\/wp\/v2\/comments?post=34981"}],"wp:featuredmedia":[{"embeddable":true,"href":"https:\/\/universeart.eu\/it\/wp-json\/wp\/v2\/media\/34832"}],"wp:attachment":[{"href":"https:\/\/universeart.eu\/it\/wp-json\/wp\/v2\/media?parent=34981"}],"wp:term":[{"taxonomy":"product_cat","embeddable":true,"href":"https:\/\/universeart.eu\/it\/wp-json\/wp\/v2\/product_cat?post=34981"},{"taxonomy":"product_tag","embeddable":true,"href":"https:\/\/universeart.eu\/it\/wp-json\/wp\/v2\/product_tag?post=34981"}],"curies":[{"name":"wp","href":"https:\/\/api.w.org\/{rel}","templated":true}]}}